{"id":54,"date":"2019-02-24T20:50:34","date_gmt":"2019-02-24T20:50:34","guid":{"rendered":"https:\/\/www.inspiritlab.com\/?page_id=54"},"modified":"2019-04-01T12:04:24","modified_gmt":"2019-04-01T12:04:24","slug":"aviso-legal","status":"publish","type":"page","link":"https:\/\/www.inspiritlab.com\/index.php\/aviso-legal\/","title":{"rendered":"Aviso Legal y Pol\u00edtica de Cookies"},"content":{"rendered":"\t\t<div data-elementor-type=\"wp-post\" data-elementor-id=\"54\" class=\"elementor elementor-54\">\n\t\t\t\t\t\t<div class=\"elementor-inner\">\n\t\t\t\t<div class=\"elementor-section-wrap\">\n\t\t\t\t\t\t\t\t\t<section class=\"elementor-section elementor-top-section elementor-element elementor-element-a07a147 elementor-section-boxed elementor-section-height-default elementor-section-height-default\" data-id=\"a07a147\" data-element_type=\"section\">\n\t\t\t\t\t\t<div class=\"elementor-container elementor-column-gap-default\">\n\t\t\t\t\t\t\t<div class=\"elementor-row\">\n\t\t\t\t\t<div class=\"elementor-column elementor-col-100 elementor-top-column elementor-element elementor-element-95fd2f2\" data-id=\"95fd2f2\" data-element_type=\"column\">\n\t\t\t<div class=\"elementor-column-wrap elementor-element-populated\">\n\t\t\t\t\t\t\t<div class=\"elementor-widget-wrap\">\n\t\t\t\t\t\t<div class=\"elementor-element elementor-element-85a1836 elementor-widget elementor-widget-spacer\" data-id=\"85a1836\" data-element_type=\"widget\" data-widget_type=\"spacer.default\">\n\t\t\t\t<div class=\"elementor-widget-container\">\n\t\t\t\t\t<div class=\"elementor-spacer\">\n\t\t\t<div class=\"elementor-spacer-inner\"><\/div>\n\t\t<\/div>\n\t\t\t\t<\/div>\n\t\t\t\t<\/div>\n\t\t\t\t<div class=\"elementor-element elementor-element-93d2359 elementor-widget elementor-widget-image\" data-id=\"93d2359\" data-element_type=\"widget\" data-widget_type=\"image.default\">\n\t\t\t\t<div class=\"elementor-widget-container\">\n\t\t\t\t\t\t\t\t<div class=\"elementor-image\">\n\t\t\t\t\t\t\t\t\t\t\t\t<img width=\"300\" height=\"257\" src=\"https:\/\/www.inspiritlab.com\/wp-content\/uploads\/2019\/02\/logo-grup-mutua-esp-300x257.jpg\" class=\"attachment-medium size-medium\" alt=\"\" loading=\"lazy\" srcset=\"https:\/\/www.inspiritlab.com\/wp-content\/uploads\/2019\/02\/logo-grup-mutua-esp-300x257.jpg 300w, https:\/\/www.inspiritlab.com\/wp-content\/uploads\/2019\/02\/logo-grup-mutua-esp-768x658.jpg 768w, https:\/\/www.inspiritlab.com\/wp-content\/uploads\/2019\/02\/logo-grup-mutua-esp-1024x878.jpg 1024w, https:\/\/www.inspiritlab.com\/wp-content\/uploads\/2019\/02\/logo-grup-mutua-esp.jpg 1063w\" sizes=\"(max-width: 34.9rem) calc(100vw - 2rem), (max-width: 53rem) calc(8 * (100vw \/ 12)), (min-width: 53rem) calc(6 * (100vw \/ 12)), 100vw\" \/>\t\t\t\t\t\t\t\t\t\t\t\t\t\t<\/div>\n\t\t\t\t\t\t<\/div>\n\t\t\t\t<\/div>\n\t\t\t\t\t\t<\/div>\n\t\t\t\t\t<\/div>\n\t\t<\/div>\n\t\t\t\t\t\t\t\t<\/div>\n\t\t\t\t\t<\/div>\n\t\t<\/section>\n\t\t\t\t<section class=\"elementor-section elementor-top-section elementor-element elementor-element-10c4b84 elementor-section-boxed elementor-section-height-default elementor-section-height-default\" data-id=\"10c4b84\" data-element_type=\"section\">\n\t\t\t\t\t\t<div class=\"elementor-container elementor-column-gap-default\">\n\t\t\t\t\t\t\t<div class=\"elementor-row\">\n\t\t\t\t\t<div class=\"elementor-column elementor-col-100 elementor-top-column elementor-element elementor-element-3eab2ce\" data-id=\"3eab2ce\" data-element_type=\"column\">\n\t\t\t<div class=\"elementor-column-wrap elementor-element-populated\">\n\t\t\t\t\t\t\t<div class=\"elementor-widget-wrap\">\n\t\t\t\t\t\t<div class=\"elementor-element elementor-element-33cb5ea elementor-widget elementor-widget-text-editor\" data-id=\"33cb5ea\" data-element_type=\"widget\" data-widget_type=\"text-editor.default\">\n\t\t\t\t<div class=\"elementor-widget-container\">\n\t\t\t\t\t\t\t\t<div class=\"elementor-text-editor elementor-clearfix\">\n\t\t\t\t<div><div><h3 style=\"box-sizing: border-box; font-size: 1.875rem; margin: 0px 0px 0.75em; clear: both; line-height: 1.4; padding: 0px;\">Aviso legal y Pol\u00edtica de Cookies<\/h3><div style=\"font-family: Roboto, sans-serif; font-size: 16px; font-weight: 400; letter-spacing: normal;\"><div>\u00a0<span style=\"font-weight: bold;\">1. Datos de identificaci\u00f3n\u00a0<\/span><\/div><\/div><div style=\"font-family: Roboto, sans-serif; font-size: 16px; font-weight: 400; letter-spacing: normal;\"><div><p style=\"margin: 0px 0px 1.5em; padding: 0px;\">En cumplimiento con el deber de informaci\u00f3n recogido en el art\u00edculo 10 de la Ley 34\/2002, del 11 de julio, de Servicios de la Sociedad de la Informaci\u00f3n y el Comercio Electr\u00f3nico, a continuaci\u00f3n se reflejan los siguientes datos:<\/p><p style=\"margin: 0px 0px 1.5em; padding: 0px;\">La empresa titular de\u00a0<a style=\"color: #222222;\" href=\"https:\/\/www.mutua-enginyers.com\/\" target=\"_blank\" rel=\"noopener\">www.mutua-enginyers.com<\/a>,\u00a0<a style=\"color: #222222;\" href=\"https:\/\/www.mutua-ingenieros.com\/\" target=\"_blank\" rel=\"noopener\">\u00a0www.mutua-ingenieros.com<\/a>,\u00a0<a style=\"color: #222222;\" href=\"http:\/\/www.serpreco.com\/\" target=\"_self\">www.serpreco.com<\/a>,\u00a0<a style=\"color: #222222;\" href=\"http:\/\/www.mutuavalors.com\/\" target=\"_blank\" rel=\"noopener\">www.mutuavalors.com<\/a>,\u00a0<a style=\"color: #222222;\" href=\"http:\/\/www.crouco.com\/\" target=\"_blank\" rel=\"noopener\">www.crouco.com<\/a>,\u00a0<a style=\"color: #222222;\" href=\"http:\/\/www.inspiritmutua.com\/\" target=\"_blank\" rel=\"noopener\">www.inspiritmutua.com<\/a>\u00a0y\u00a0<a style=\"background-color: #ffffff; color: #222222; outline: 0px;\" href=\"http:\/\/www.inspiritlab.com\/\" target=\"_blank\" rel=\"noopener\">www.inspiritlab.com<\/a>\u00a0y de los blogs especificados en este\u00a0<a style=\"background-color: #ffffff; color: #222222;\" href=\"http:\/\/landing.mutua-ingenieros.com\/index.php\/blogs-de-la-entidad\/\">enlace<\/a>\u00a0(en adelante los \u201cSitios Web de la Entidad\u201d) es La Mutualidad de Previsi\u00f3n Social del Colegio Oficial de Ingenieros Industriales de Catalu\u00f1a a prima fija (en adelante la Entidad), con domicilio a estos efectos en la calle Via Laietana 39, 2\u00ba de Barcelona (08003) y con n\u00famero de C.I.F.: V-08430191, inscrita en el Registro Mercantil de Barcelona en el folio 18, volumen 25.405, hoja n\u00ba B-87.907, inscripci\u00f3n 1\u00aa, Gestora de Fondos de Pensiones n\u00ba G.01 e inscrita con el n\u00fam.0099 en el RMPSV de Catalu\u00f1a y con el n\u00fam. P-3159 en el Registro de entidades aseguradoras de la DGSFP.<\/p><p style=\"margin: 0px 0px 1.5em; padding: 0px;\">Adem\u00e1s del titular, y dependiendo del servicio gestionado, consultado o contratado, se ha de dar detalle del resto de empresas del grupo \u201cLa Mutua\u201d, que se detallan a continuaci\u00f3n:<\/p><ul style=\"margin: 0px 0px 1.5em; padding: 0px;\"><li>Serpreco, Corredur\u00eda de Seguros, S.A., Corredur\u00eda de Seguros de la Asociaci\u00f3n, Colegio y Mutua de los Ingenieros Industriales de Catalu\u00f1a con domicilio en Via Laietana 39, 2\u00ba de Barcelona (08003) y con n\u00famero CIF: A-58852518, inscrita en el Registro Mercantil de Barcelona, volumen 10.882, libro 9822, folio 1 y hoja 127.830 y en el Registro administrativo especial de mediadores de seguros, de corredores de reaseguros y de sus altos cargos con el n\u00fam. J00609. Tiene concertad un seguro de Responsabilidad Civil y Cauci\u00f3n de conformidad con el art. 27 de la Ley 26\/2006.<\/li><li>Mutuavalors de los Ingenieros, EAFI, S.L.U. con domicilio en la Via Laietana 37, 2\u00ba, 1\u00aa de Barcelona (08003) y con n\u00famero de CIF: B-63.634.778, inscrita en el Registro Mercantil de Barcelona en el volumen 37.110, folio 51, hoja B-298.772 e inscripci\u00f3n 1\u00aa y en el Registro Administrativo de Empresas de Asesoramiento Financiero de la CNMV con el n\u00famero 73.<\/li><li>Crouco Agencia de Suscripci\u00f3n, S.L. con domicilio en la Via Laietana 39, 2\u00ba de Barcelona (08003) y con n\u00famero de CIF: B-64911183, inscrita en el Registro Mercantil de Barcelona, folio 197, volumen 40.638, hoja n\u00fam. B-370281, inscripci\u00f3n 1\u00aa y en el Registro Administrativo de Agencias de Suscripci\u00f3n de la DGSFP con la clave AS-45.<\/li><\/ul><p style=\"margin: 0px 0px 1.5em; padding: 0px;\">Correo electr\u00f3nico de contacto: correo@mutua-ingenieros.com.<\/p><p style=\"margin: 0px 0px 1.5em; padding: 0px;\"><span style=\"font-weight: bold;\">2. Usuarios\u00a0<\/span><\/p><p style=\"margin: 0px 0px 1.5em; padding: 0px;\">El acceso y\/o uso de este portal de la Entidad atribuye la condici\u00f3n de USUARIO, que acepta, desde dicho acceso y\/o uso, las condiciones generales de uso aqu\u00ed reflejadas. Las citadas condiciones ser\u00e1n de aplicaci\u00f3n independientemente de las condiciones generales de contrataci\u00f3n que en su caso resulten de obligado cumplimento.<\/p><p style=\"margin: 0px 0px 1.5em; padding: 0px;\"><span style=\"font-weight: bold;\">3. Uso del portal\u00a0<\/span><\/p><p style=\"margin: 0px 0px 1.5em; padding: 0px;\">Los sitios web de la Entidad proporcionan acceso a multitud de informaciones, servicios, programas o datos (en adelante, \u201clos contenidos\u201d) en internet pertinentes a la Entidad o a sus licenciantes a los que el USUARIO pueda tener acceso. El USUARIO asume la responsabilidad de uso del portal. Esta responsabilidad se extiende al registro que fuera necesario para acceder a determinados servicios o contenidos. En este registro el USUARIO ser\u00e1 responsable de proporcionar informaci\u00f3n veraz y l\u00edcita. Como consecuencia de este registro, al USUARIO se le puede proporcionar una contrase\u00f1a de la que ser\u00e1 responsable, comprometi\u00e9ndose a hacer un uso diligente y confidencial de la misma. El USUARIO se compromete a hacer un uso adecuado de los contenidos y servicios (como por ejemplo servicios de chat, foros de discusi\u00f3n o grupos de noticias) que la Entidad puede ofrecer a trav\u00e9s de su portal y con car\u00e1cter enunciativo pero no limitativo, a no utilizarlos para (i) incurrir en actividades il\u00edcitas, ilegales o contrarias a la buena fe y a la orden p\u00fablico; (ii) difundir contenidos o propaganda de car\u00e1cter racista, xen\u00f3fobo, pornogr\u00e1fico ilegal, de apolog\u00eda del terrorismo o atentatorio contra los derechos humanos; (iii) provocar da\u00f1os a los sistemas f\u00edsicos y l\u00f3gicos de la Entidad, de sus proveedores o de terceras personas, introducir o difundir en la red virus inform\u00e1ticos o a cualquier otro sistema f\u00edsico l\u00f3gico o que sea susceptible de provocar los da\u00f1os anteriormente mencionados; (iv) intentar acceder y, en su caso, utilizar las cuentas de correo electr\u00f3nico de otros usuarios y modificar o manipular sus mensajes. La Entidad se reserva el derecho de retirar todos aquellos comentarios y aportaciones que vulneren el respeto a la dignidad de la persona, que sean discriminatorios, xen\u00f3fobos, racistas, pornogr\u00e1ficos, que atenten contra la juventud o la infancia, el orden o la seguridad p\u00fablica o que, en su juicio, no resulten adecuados para su publicaci\u00f3n. En cualquier caso, la Entidad no ser\u00e1 responsable de las opiniones publicadas por los usuarios a trav\u00e9s de los foros, chats, u otras v\u00edas de participaci\u00f3n.<\/p><p style=\"margin: 0px 0px 1.5em; padding: 0px;\"><span style=\"font-weight: bold;\">4. Uso de cookies<\/span><\/p><p style=\"margin: 0px 0px 1.5em; padding: 0px;\">Cuando se navega por cualquiera de los sitios web de la Entidad, usted da su consentimiento para la instalaci\u00f3n de cookies en sus sistemas (bien sea con la aceptaci\u00f3n expresa del aviso\u00a0o mediante la mera navegaci\u00f3n). Las cookies son peque\u00f1os archivos de texto que almacena el navegador dentro del disco duro de su ordenador.<\/p><p style=\"margin: 0px 0px 1.5em; padding: 0px;\"><u>Cookies empleadas<\/u><\/p><p style=\"margin: 0px 0px 1.5em; padding: 0px;\">El sitio web emplea cookies de dos tipos principales: propias y de terceros.<\/p><p style=\"margin: 0px 0px 1.5em; padding: 0px;\">El uso de\u00a0<span style=\"font-weight: bold;\">cookies propias<\/span>\u00a0se necesaria para que cuando un USUARIO navegue por cualquier sitios web de La Mutua, son funciones habituales de estas cookies facilitar que el servidor correspondiente pueda reconocer la cookie y proporcionar informaci\u00f3n sobre su \u00faltima visita, as\u00ed como para la gesti\u00f3n de sesiones en caso de que el USUARIO acceda empleando su usuario y contrase\u00f1a.<\/p><p style=\"margin: 0px 0px 1.5em; padding: 0px;\">Por otro lado, los sitios web de La Mutua emplean\u00a0<span style=\"font-weight: bold;\">cookies de terceras partes<\/span>\u00a0con el fin de recoger datos demogr\u00e1ficos para identificar tendencias de acceso a los sitios web y estad\u00edsticas de uso de los mismos.<\/p><p style=\"margin: 0px 0px 1.5em; padding: 0px;\"><u>Desactivaci\u00f3n de cookies<\/u><\/p><p style=\"margin: 0px 0px 1.5em; padding: 0px;\">La mayor\u00eda de los navegadores admiten el uso de cookies de forma autom\u00e1tica, pero el USUARIO puede configurar su navegador para ser avisado a la pantalla de su ordenador de la recepci\u00f3n de cookies y, de esta forma impedir su instalaci\u00f3n en su disco duro.<\/p><p style=\"margin: 0px 0px 1.5em; padding: 0px;\">Para facilitar la tarea de desactivaci\u00f3n de cookies, se da detalle a continuaci\u00f3n para los navegadores m\u00e1s empleados:<\/p><ul style=\"margin: 0px 0px 1.5em; padding: 0px;\"><li>Chrome:\u00a0<a style=\"color: #222222;\" href=\"http:\/\/support.google.com\/chrome\/bin\/answer.py?hl=es&amp;answer=95647\" target=\"_self\">http:\/\/support.google.com\/chrome\/bin\/answer.py?hl=es&amp;answer=95647<\/a><\/li><li>Explorer:\u00a0<a style=\"color: #222222;\" href=\"https:\/\/support.microsoft.com\/es-es\/help\/17442\/windows-internet-explorer-delete-manage-cookies\" target=\"_self\">https:\/\/support.microsoft.com\/es-es\/help\/17442\/windows-internet-explorer-delete-manage-cookies<\/a><\/li><li>Firefox:\u00a0<a style=\"color: #222222;\" href=\"http:\/\/support.mozilla.org\/es\/kb\/habilitar-y-deshabilitar-cookies-que-los-sitios-we\" target=\"_self\">http:\/\/support.mozilla.org\/es\/kb\/habilitar-y-deshabilitar-cookies-que-los-sitios-we<\/a><\/li><li>Safari:\u00a0<a style=\"color: #222222;\" href=\"https:\/\/support.apple.com\/kb\/ph21411?locale=es_ES\" target=\"_self\">https:\/\/support.apple.com\/kb\/ph21411?locale=es_ES<\/a><\/li><\/ul><p style=\"margin: 0px 0px 1.5em; padding: 0px;\">As\u00ed mismo, lo informamos que la Entidad en ning\u00fan caso utiliza estas cookies para obtener informaci\u00f3n de los USUARIOS de su p\u00e1gina web, ni registra sus direcciones IP.<\/p><p style=\"margin: 0px 0px 1.5em; padding: 0px;\"><span style=\"font-weight: bold;\">5. Propiedad intelectual\u00a0<\/span><\/p><p style=\"margin: 0px 0px 1.5em; padding: 0px;\">La Entidad por s\u00ed misma o como cesionaria, es titular de todos el derechos de propiedad intelectual e industrial de su p\u00e1gina web, as\u00ed como de los elementos contenidos en la misma (a t\u00edtulo enunciativo, im\u00e1genes, sonidos, audio, v\u00eddeo, software o textos; marcas o logotipos, combinaciones de colores, estructura y dise\u00f1o, selecci\u00f3n de materiales utilizados, programas de ordenador necesarios para su funcionamiento, acceso y uso, etc.), titularidad de la Entidad o de sus licenciados. Todos los derechos reservados. En virtud del que se ha dispuesto en los art\u00edculos 8 y 32.1, p\u00e1rrafo segundo, de la Ley de Propiedad intelectual, quedan expresamente prohibidas la reproducci\u00f3n, la distribuci\u00f3n y la comunicaci\u00f3n p\u00fablica, incluida su modalidad de puesta a disposici\u00f3n, de la totalidad o parte de los contenidos de esta p\u00e1gina web, con fines comerciales, en cualquier soporte y por cualquier medio t\u00e9cnico, sin la autorizaci\u00f3n de la Entidad. El USUARIO se compromete a respetar los derechos de Propiedad Intelectual e Industrial titularidad de la Entidad. Podr\u00e1 visualizar los elementos del portal e incluso imprimirlos, copiarlos y almacenarlos en el disco llevar de su ordenador o en cualquier otro soporte disco siempre y cuando sea, \u00fanica y exclusivamente, para su uso personal y privado. El USUARIO tendr\u00e1 que abstenerse de suprimir, alterar, eludir o manipular cualquier dispositivo de protecci\u00f3n o sistema de seguridad que est\u00e9 instalado en las p\u00e1ginas de la Entidad.<\/p><p style=\"margin: 0px 0px 1.5em; padding: 0px;\"><span style=\"font-weight: bold;\">6. Exclusi\u00f3n de garant\u00edas y responsabilidad\u00a0<\/span><\/p><p style=\"margin: 0px 0px 1.5em; padding: 0px;\">La Entidad no se hace responsable, en cualquier caso, de los da\u00f1os y perjuicios de cualquier naturaleza que pudieran ocasionar, a t\u00edtulo enunciativo: errores u omisiones a los contenidos, falta de disponibilidad del portal o la transmisi\u00f3n de virus o programas maliciosos o lesivos a los contenidos, a pesar de haber adoptado todas las medidas tecnol\u00f3gicas necesarias para evitarlo.<\/p><p style=\"margin: 0px 0px 1.5em; padding: 0px;\"><span style=\"font-weight: bold;\">7. Modificaciones\u00a0<\/span><\/p><p style=\"margin: 0px 0px 1.5em; padding: 0px;\">La Entidad se reserva el derecho de efectuar sin previo aviso las modificaciones que considere oportunas en su portal y cambiar, suprimir o a\u00f1adir tanto los contenidos y servicios que se presten a trav\u00e9s de la misma como la forma en la que estos aparezcan presentados o localizados en su portal.<\/p><p style=\"margin: 0px 0px 1.5em; padding: 0px;\"><span style=\"font-weight: bold;\">8. Enlaces\u00a0<\/span><\/p><p style=\"margin: 0px 0px 1.5em; padding: 0px;\">En el caso de que en cualquier sitio web de la Entidad se dispusiera de enlaces o hiperv\u00ednculos a otros sitios de internet, la Entidad no ejercer\u00e1 ning\u00fan tipo de control sobre los sitios y contenidos mencionados. En ning\u00fan caso la Entidad asumir\u00e1 responsabilidad alguna por los contenidos de alg\u00fan enlace pertinente a un sitio web ajeno, ni garantizar\u00e1 la disponibilidad t\u00e9cnica, calidad, fiabilidad, exactitud, amplitud, veracidad, validez y constitucionalidad de cualquier material o informaci\u00f3n contenida en ninguno de los hiperv\u00ednculos citados u otros sitios de internet. Igualmente la inclusi\u00f3n de estas conexiones externas no implicar\u00e1 ning\u00fan tipo de asociaci\u00f3n, fusi\u00f3n o participaci\u00f3n con las entidades conectadas.<\/p><p style=\"margin: 0px 0px 1.5em; padding: 0px;\"><span style=\"font-weight: bold;\">9. Derecho de exclusi\u00f3n\u00a0<\/span><\/p><p style=\"margin: 0px 0px 1.5em; padding: 0px;\">La Entidad se reserva el derecho a denegar o retirar el acceso a portal y\/o los servicios ofrecidos sine necesidad de preaviso, a instancia propia o de un tercero, a aquellos usuarios que incumplan las presentes Condiciones Generales de Uso.<\/p><p style=\"margin: 0px 0px 1.5em; padding: 0px;\"><span style=\"font-weight: bold;\">10. Generalidades\u00a0<\/span><\/p><p style=\"margin: 0px 0px 1.5em; padding: 0px;\">La Entidad perseguir\u00e1 el incumplimiento de las presentes condiciones, as\u00ed como cualquier utilizaci\u00f3n indebida de su portal ejerciendo todas las acciones civiles y penales que le puedan corresponder en derecho.<\/p><p style=\"margin: 0px 0px 1.5em; padding: 0px;\"><span style=\"font-weight: bold;\">11. Modificaci\u00f3n de las presentes condiciones y duraci\u00f3n\u00a0<\/span><\/p><p style=\"margin: 0px 0px 1.5em; padding: 0px;\">La Entidad podr\u00e1 modificar en cualquier momento las condiciones aqu\u00ed determinadas, siendo debidamente publicadas como aqu\u00ed aparecen. La vigencia de las citadas condiciones ir\u00e1 en funci\u00f3n de su exposici\u00f3n y estar\u00e1n vigentes hasta que sean modificadas por otras debidamente publicadas.<\/p><p style=\"margin: 0px 0px 1.5em; padding: 0px;\"><span style=\"font-weight: bold;\">12. Legislaci\u00f3n aplicable y jurisdicci\u00f3n\u00a0<\/span><\/p><p style=\"margin: 0px 0px 1.5em; padding: 0px;\">La relaci\u00f3n entre la Entidad y el USUARIO se regir\u00e1 por la normativa espa\u00f1ola vigente y cualquier controversia se someter\u00e1 a los Juzgados y tribunales de la ciudad de Barcelona.<\/p><\/div><\/div><\/div><\/div>\t\t\t\t\t<\/div>\n\t\t\t\t\t\t<\/div>\n\t\t\t\t<\/div>\n\t\t\t\t\t\t<\/div>\n\t\t\t\t\t<\/div>\n\t\t<\/div>\n\t\t\t\t\t\t\t\t<\/div>\n\t\t\t\t\t<\/div>\n\t\t<\/section>\n\t\t\t\t\t\t\t\t\t<\/div>\n\t\t\t<\/div>\n\t\t\t\t\t<\/div>\n\t\t","protected":false},"excerpt":{"rendered":"<p>Aviso legal y Pol\u00edtica de Cookies &nbsp;1. Datos de identificaci\u00f3n&nbsp; En cumplimiento con el deber de informaci\u00f3n recogido en el art\u00edculo 10 de la Ley 34\/2002, del 11 de julio, de Servicios de la Sociedad de la Informaci\u00f3n y el Comercio Electr\u00f3nico, a continuaci\u00f3n se reflejan los siguientes datos: La empresa titular de&nbsp;www.mutua-enginyers.com,&nbsp;&nbsp;www.mutua-ingenieros.com,&nbsp;www.serpreco.com,&nbsp;www.mutuavalors.com,&nbsp;www.crouco.com,&nbsp;www.inspiritmutua.com&nbsp;y&nbsp;www.inspiritlab.com&nbsp;y de los &hellip; <\/p>\n<p class=\"link-more\"><a href=\"https:\/\/www.inspiritlab.com\/index.php\/aviso-legal\/\" class=\"more-link\">Continue reading<span class=\"screen-reader-text\"> &#8220;Aviso Legal y Pol\u00edtica de Cookies&#8221;<\/span><\/a><\/p>\n","protected":false},"author":1,"featured_media":0,"parent":0,"menu_order":0,"comment_status":"closed","ping_status":"closed","template":"elementor_canvas","meta":[],"_links":{"self":[{"href":"https:\/\/www.inspiritlab.com\/index.php\/wp-json\/wp\/v2\/pages\/54"}],"collection":[{"href":"https:\/\/www.inspiritlab.com\/index.php\/wp-json\/wp\/v2\/pages"}],"about":[{"href":"https:\/\/www.inspiritlab.com\/index.php\/wp-json\/wp\/v2\/types\/page"}],"author":[{"embeddable":true,"href":"https:\/\/www.inspiritlab.com\/index.php\/wp-json\/wp\/v2\/users\/1"}],"replies":[{"embeddable":true,"href":"https:\/\/www.inspiritlab.com\/index.php\/wp-json\/wp\/v2\/comments?post=54"}],"version-history":[{"count":16,"href":"https:\/\/www.inspiritlab.com\/index.php\/wp-json\/wp\/v2\/pages\/54\/revisions"}],"predecessor-version":[{"id":495,"href":"https:\/\/www.inspiritlab.com\/index.php\/wp-json\/wp\/v2\/pages\/54\/revisions\/495"}],"wp:attachment":[{"href":"https:\/\/www.inspiritlab.com\/index.php\/wp-json\/wp\/v2\/media?parent=54"}],"curies":[{"name":"wp","href":"https:\/\/api.w.org\/{rel}","templated":true}]}}